{"id":279,"date":"2024-04-07T21:01:31","date_gmt":"2024-04-07T19:01:31","guid":{"rendered":"https:\/\/coutellerie-tony-n.fr\/?post_type=product&#038;p=279"},"modified":"2025-04-04T14:07:59","modified_gmt":"2025-04-04T12:07:59","slug":"couteau-pliant-a-friction-damas-manche-en-bois-narra-rouge","status":"publish","type":"product","link":"https:\/\/coutellerie-tony-n.fr\/index.php\/produit\/couteau-pliant-a-friction-damas-manche-en-bois-narra-rouge\/","title":{"rendered":"Couteau pliant \u00e0 Friction Damas Manche en bois narra rouge"},"content":{"rendered":"<p>Couteau pliant \u00e0 Friction<\/p>\n<div class=\"x11i5rnm xat24cr x1mh8g0r x1vvkbs xtlvy1s x126k92a\">\n<p dir=\"auto\">Manche en bois narra rouge.<\/p>\n<p dir=\"auto\">Tranchant 95mm .<\/p>\n<p dir=\"auto\">Longueur total : 220 mm,.<\/p>\n<p dir=\"auto\">Poids : 54Gr<\/p>\n<div dir=\"auto\">Lame forg\u00e9e Acier Carbone \u2013 sandinox, 316L ,90mcv8 \u00e0 c\u0153ur, lame de 3.5mm , vis inox m2.5, axe inox tremp\u00e9, rondelles en beryllium.<\/div>\n<div dir=\"auto\"><\/div>\n<\/div>\n<div dir=\"auto\">\n<h3><\/h3>\n<\/div>\n<p>&nbsp;<\/p>\n","protected":false},"excerpt":{"rendered":"<p>Le couteau \u00e0 friction aussi appel\u00e9 \u201cDeux clous\u201d,\u00a0 un syst\u00e8me simple .<\/p>\n<p>Le frottement de la lame contre le manche maintient le couteau en position ouverte\/ferm\u00e9e. Il est compos\u00e9 de vis inox avec un axe tremp\u00e9 inox pour l\u2019axe de la lame.<\/p>\n<p>Le couteau \u00e0 friction est le m\u00e9canisme\u00a0 simple et id\u00e9al.<\/p>\n","protected":false},"featured_media":306,"template":"","meta":{"iawp_total_views":45},"product_brand":[],"product_cat":[28,17],"product_tag":[18,31],"class_list":{"0":"post-279","1":"product","2":"type-product","3":"status-publish","4":"has-post-thumbnail","6":"product_cat-couteau","7":"product_cat-couteau-friction","8":"product_tag-friction","9":"product_tag-narra-rouge","11":"first","12":"instock","13":"featured","14":"taxable","15":"shipping-taxable","16":"purchasable","17":"product-type-simple","18":"prodpage-style2"},"_links":{"self":[{"href":"https:\/\/coutellerie-tony-n.fr\/index.php\/wp-json\/wp\/v2\/product\/279","targetHints":{"allow":["GET"]}}],"collection":[{"href":"https:\/\/coutellerie-tony-n.fr\/index.php\/wp-json\/wp\/v2\/product"}],"about":[{"href":"https:\/\/coutellerie-tony-n.fr\/index.php\/wp-json\/wp\/v2\/types\/product"}],"wp:featuredmedia":[{"embeddable":true,"href":"https:\/\/coutellerie-tony-n.fr\/index.php\/wp-json\/wp\/v2\/media\/306"}],"wp:attachment":[{"href":"https:\/\/coutellerie-tony-n.fr\/index.php\/wp-json\/wp\/v2\/media?parent=279"}],"wp:term":[{"taxonomy":"product_brand","embeddable":true,"href":"https:\/\/coutellerie-tony-n.fr\/index.php\/wp-json\/wp\/v2\/product_brand?post=279"},{"taxonomy":"product_cat","embeddable":true,"href":"https:\/\/coutellerie-tony-n.fr\/index.php\/wp-json\/wp\/v2\/product_cat?post=279"},{"taxonomy":"product_tag","embeddable":true,"href":"https:\/\/coutellerie-tony-n.fr\/index.php\/wp-json\/wp\/v2\/product_tag?post=279"}],"curies":[{"name":"wp","href":"https:\/\/api.w.org\/{rel}","templated":true}]}}