{"id":356,"date":"2024-04-12T20:23:07","date_gmt":"2024-04-12T18:23:07","guid":{"rendered":"https:\/\/coutellerie-tony-n.fr\/?post_type=product&#038;p=356"},"modified":"2025-03-08T14:41:07","modified_gmt":"2025-03-08T13:41:07","slug":"couteau-pliant-a-friction-manche-en-os-de-chameau-teinte-2","status":"publish","type":"product","link":"https:\/\/coutellerie-tony-n.fr\/index.php\/produit\/couteau-pliant-a-friction-manche-en-os-de-chameau-teinte-2\/","title":{"rendered":"Couteau pliant \u00e0 Friction  Manche en Os de Chameau teint\u00e9\u00a0"},"content":{"rendered":"<p>Couteau pliant \u00e0 Friction<\/p>\n<div dir=\"auto\">Manche en Os de Chameau teint\u00e9<\/div>\n<div dir=\"auto\">Tranchant 95mm<\/div>\n<div dir=\"auto\">Longueur total : 220 mm<\/div>\n<div dir=\"auto\">Poids : 89Gr<\/div>\n<div dir=\"auto\"><\/div>\n<div dir=\"auto\">Lame forg\u00e9e Acier Carbone \u2013 sandinox, 316L ,90mcv8 \u00e0 c\u0153ur, lame de 3.5mm , vis inox m2.5, axe inox tremp\u00e9, rondelles en beryllium.<\/div>\n<div dir=\"auto\">Avec un \u00e9tui cuir de poche .<\/div>\n<p>&nbsp;<\/p>\n","protected":false},"excerpt":{"rendered":"<p>Le couteau \u00e0 friction aussi appel\u00e9 \u201cDeux clous\u201d,\u00a0 un syst\u00e8me simple .<\/p>\n<p>Le frottement de la lame contre le manche maintient le couteau en position ouverte\/ferm\u00e9e. Il est compos\u00e9 de vis inox avec un axe tremp\u00e9 inox pour l\u2019axe de la lame.<\/p>\n<p>Le couteau \u00e0 friction est le m\u00e9canisme\u00a0 simple et id\u00e9al.<\/p>\n","protected":false},"featured_media":430,"template":"","meta":{"iawp_total_views":46},"product_brand":[],"product_cat":[28,17],"product_tag":[18,42],"class_list":{"0":"post-356","1":"product","2":"type-product","3":"status-publish","4":"has-post-thumbnail","6":"product_cat-couteau","7":"product_cat-couteau-friction","8":"product_tag-friction","9":"product_tag-sandinox","11":"first","12":"instock","13":"featured","14":"taxable","15":"shipping-taxable","16":"purchasable","17":"product-type-simple","18":"prodpage-style2"},"_links":{"self":[{"href":"https:\/\/coutellerie-tony-n.fr\/index.php\/wp-json\/wp\/v2\/product\/356","targetHints":{"allow":["GET"]}}],"collection":[{"href":"https:\/\/coutellerie-tony-n.fr\/index.php\/wp-json\/wp\/v2\/product"}],"about":[{"href":"https:\/\/coutellerie-tony-n.fr\/index.php\/wp-json\/wp\/v2\/types\/product"}],"wp:featuredmedia":[{"embeddable":true,"href":"https:\/\/coutellerie-tony-n.fr\/index.php\/wp-json\/wp\/v2\/media\/430"}],"wp:attachment":[{"href":"https:\/\/coutellerie-tony-n.fr\/index.php\/wp-json\/wp\/v2\/media?parent=356"}],"wp:term":[{"taxonomy":"product_brand","embeddable":true,"href":"https:\/\/coutellerie-tony-n.fr\/index.php\/wp-json\/wp\/v2\/product_brand?post=356"},{"taxonomy":"product_cat","embeddable":true,"href":"https:\/\/coutellerie-tony-n.fr\/index.php\/wp-json\/wp\/v2\/product_cat?post=356"},{"taxonomy":"product_tag","embeddable":true,"href":"https:\/\/coutellerie-tony-n.fr\/index.php\/wp-json\/wp\/v2\/product_tag?post=356"}],"curies":[{"name":"wp","href":"https:\/\/api.w.org\/{rel}","templated":true}]}}