{"id":391,"date":"2024-04-12T22:23:33","date_gmt":"2024-04-12T20:23:33","guid":{"rendered":"https:\/\/coutellerie-tony-n.fr\/?post_type=product&#038;p=391"},"modified":"2026-01-08T16:49:32","modified_gmt":"2026-01-08T15:49:32","slug":"petit-couteau-apero-avec-decapsuleur-dans-la-lame-accompagnee-dune-planche-a-decouper","status":"publish","type":"product","link":"https:\/\/coutellerie-tony-n.fr\/index.php\/produit\/petit-couteau-apero-avec-decapsuleur-dans-la-lame-accompagnee-dune-planche-a-decouper\/","title":{"rendered":"Petit Couteau Ap\u00e9ro avec d\u00e9capsuleur dans la lame Manche en loupe de bois \/ r\u00e9sine"},"content":{"rendered":"<p>Petit Couteau Ap\u00e9ro avec d\u00e9capsuleur dans la lame<\/p>\n<p>Accompagn\u00e9e d\u2019une planche \u00e0 d\u00e9couper<\/p>\n<p>Tranchant\u00a0 90mm<\/p>\n<p>Longueur total : 180 mm<\/p>\n<p>Poids : 123Gr<\/p>\n<p>Acier Inox 14c28n sabl\u00e9 ,dos :3mm, Manche en loupe de bois \/ r\u00e9sine , vis inox<\/p>\n<p>Planche \u00e0 d\u00e9couper en\u00a0 bambou 200x380x15<\/p>\n<p>&nbsp;<\/p>\n<p>&nbsp;<\/p>\n<p>&nbsp;<\/p>\n","protected":false},"excerpt":{"rendered":"<p>Petit Couteau Ap\u00e9ro avec d\u00e9capsuleur dans la lame Accompagn\u00e9e d\u2019une planche \u00e0 d\u00e9couper Tranchant\u00a0 90mm Longueur total : 180 mm Poids : 123Gr Acier Inox 14c28n sabl\u00e9 ,dos :3mm, Manche en loupe de bois \/ r\u00e9sine , vis inox Planche \u00e0 d\u00e9couper en\u00a0 bambou 200x380x15 &nbsp; &nbsp; &nbsp;<\/p>\n","protected":false},"featured_media":475,"template":"","meta":{"iawp_total_views":19},"product_brand":[],"product_cat":[28,53],"product_tag":[49,47,48],"class_list":{"0":"post-391","1":"product","2":"type-product","3":"status-publish","4":"has-post-thumbnail","6":"product_cat-couteau","7":"product_cat-couteau-apero","8":"product_tag-apero","9":"product_tag-cuisine","10":"product_tag-inox","12":"first","13":"outofstock","14":"featured","15":"purchasable","16":"product-type-simple","17":"prodpage-style2"},"_links":{"self":[{"href":"https:\/\/coutellerie-tony-n.fr\/index.php\/wp-json\/wp\/v2\/product\/391","targetHints":{"allow":["GET"]}}],"collection":[{"href":"https:\/\/coutellerie-tony-n.fr\/index.php\/wp-json\/wp\/v2\/product"}],"about":[{"href":"https:\/\/coutellerie-tony-n.fr\/index.php\/wp-json\/wp\/v2\/types\/product"}],"wp:featuredmedia":[{"embeddable":true,"href":"https:\/\/coutellerie-tony-n.fr\/index.php\/wp-json\/wp\/v2\/media\/475"}],"wp:attachment":[{"href":"https:\/\/coutellerie-tony-n.fr\/index.php\/wp-json\/wp\/v2\/media?parent=391"}],"wp:term":[{"taxonomy":"product_brand","embeddable":true,"href":"https:\/\/coutellerie-tony-n.fr\/index.php\/wp-json\/wp\/v2\/product_brand?post=391"},{"taxonomy":"product_cat","embeddable":true,"href":"https:\/\/coutellerie-tony-n.fr\/index.php\/wp-json\/wp\/v2\/product_cat?post=391"},{"taxonomy":"product_tag","embeddable":true,"href":"https:\/\/coutellerie-tony-n.fr\/index.php\/wp-json\/wp\/v2\/product_tag?post=391"}],"curies":[{"name":"wp","href":"https:\/\/api.w.org\/{rel}","templated":true}]}}