{"id":842,"date":"2024-04-26T18:40:02","date_gmt":"2024-04-26T16:40:02","guid":{"rendered":"https:\/\/coutellerie-tony-n.fr\/?post_type=product&#038;p=842"},"modified":"2025-03-07T05:43:48","modified_gmt":"2025-03-07T04:43:48","slug":"carte-cadeau-tn","status":"publish","type":"product","link":"https:\/\/coutellerie-tony-n.fr\/index.php\/produit\/carte-cadeau-tn\/","title":{"rendered":"Carte cadeau TN"},"content":{"rendered":"<p>La carte cadeau est un moyen simple d&rsquo;offrir ou de participer \u00e0 un cadeau \u00e0 plusieurs. Il vous suffit d&rsquo;indiquer l&rsquo;adresse de courrier \u00e9lectronique (e-mail) du ou des b\u00e9n\u00e9ficiaire(s), de s\u00e9lectionner une somme et de r\u00e9diger un petit message explicatif.<\/p>\n<p>Il est possible d&rsquo;indiquer plusieurs b\u00e9n\u00e9ficiaires qui recevront chacun une carte cadeau de la valeur que vous avez s\u00e9lectionn\u00e9e.<\/p>\n<p>Dans le mail qui sera envoy\u00e9 au b\u00e9n\u00e9ficiaire, un code indiqu\u00e9 et servira de remise lorsque celui-ci viendra choisir son article dans la boutique. La somme sera ainsi d\u00e9duite automatiquement de la valeur de son panier.<\/p>\n","protected":false},"excerpt":{"rendered":"<p>La carte cadeau est un moyen simple d&rsquo;offrir ou de participer \u00e0 un cadeau \u00e0 plusieurs. Il vous suffit d&rsquo;indiquer l&rsquo;adresse de courrier \u00e9lectronique (e-mail) du ou des b\u00e9n\u00e9ficiaire(s), de s\u00e9lectionner une somme et de r\u00e9diger un petit message explicatif. Il est possible d&rsquo;indiquer plusieurs b\u00e9n\u00e9ficiaires qui recevront chacun une carte cadeau de la valeur<\/p>\n","protected":false},"featured_media":740,"template":"","meta":{"iawp_total_views":286},"product_brand":[],"product_cat":[66],"product_tag":[65],"class_list":{"0":"post-842","1":"product","2":"type-product","3":"status-publish","4":"has-post-thumbnail","6":"product_cat-carte-cadeau","7":"product_tag-carte-cadeau","9":"first","10":"instock","11":"featured","12":"purchasable","13":"product-type-wgm_gift_card","14":"prodpage-style2"},"_links":{"self":[{"href":"https:\/\/coutellerie-tony-n.fr\/index.php\/wp-json\/wp\/v2\/product\/842","targetHints":{"allow":["GET"]}}],"collection":[{"href":"https:\/\/coutellerie-tony-n.fr\/index.php\/wp-json\/wp\/v2\/product"}],"about":[{"href":"https:\/\/coutellerie-tony-n.fr\/index.php\/wp-json\/wp\/v2\/types\/product"}],"wp:featuredmedia":[{"embeddable":true,"href":"https:\/\/coutellerie-tony-n.fr\/index.php\/wp-json\/wp\/v2\/media\/740"}],"wp:attachment":[{"href":"https:\/\/coutellerie-tony-n.fr\/index.php\/wp-json\/wp\/v2\/media?parent=842"}],"wp:term":[{"taxonomy":"product_brand","embeddable":true,"href":"https:\/\/coutellerie-tony-n.fr\/index.php\/wp-json\/wp\/v2\/product_brand?post=842"},{"taxonomy":"product_cat","embeddable":true,"href":"https:\/\/coutellerie-tony-n.fr\/index.php\/wp-json\/wp\/v2\/product_cat?post=842"},{"taxonomy":"product_tag","embeddable":true,"href":"https:\/\/coutellerie-tony-n.fr\/index.php\/wp-json\/wp\/v2\/product_tag?post=842"}],"curies":[{"name":"wp","href":"https:\/\/api.w.org\/{rel}","templated":true}]}}